{"id":394,"date":"2023-09-26T06:32:11","date_gmt":"2023-09-26T06:32:11","guid":{"rendered":"https:\/\/noortemk.eu\/?page_id=394"},"modified":"2023-10-04T03:37:42","modified_gmt":"2023-10-04T03:37:42","slug":"keskkond","status":"publish","type":"page","link":"https:\/\/noortemk.eu\/en\/keskkond\/","title":{"rendered":"Environment"},"content":{"rendered":"<div data-elementor-type=\"wp-page\" data-elementor-id=\"394\" class=\"elementor elementor-394\" data-elementor-post-type=\"page\">\n\t\t\t\t<div class=\"elementor-element elementor-element-683cf81 e-flex e-con-boxed e-con e-parent\" data-id=\"683cf81\" data-element_type=\"container\" data-settings=\"{&quot;ekit_has_onepagescroll_dot&quot;:&quot;yes&quot;}\">\n\t\t\t\t\t<div class=\"e-con-inner\">\n\t\t\t\t<div class=\"elementor-element elementor-element-052238d elementor-widget elementor-widget-heading\" data-id=\"052238d\" data-element_type=\"widget\" data-settings=\"{&quot;ekit_we_effect_on&quot;:&quot;none&quot;}\" data-widget_type=\"heading.default\">\n\t\t\t\t<div class=\"elementor-widget-container\">\n\t\t\t<h2 class=\"elementor-heading-title elementor-size-default\">Environmentally friendly youth cross-country skiing cup.<\/h2>\t\t<\/div>\n\t\t\t\t<\/div>\n\t\t\t\t\t<\/div>\n\t\t\t\t<\/div>\n\t\t<div class=\"elementor-element elementor-element-a243e0b e-flex e-con-boxed e-con e-parent\" data-id=\"a243e0b\" data-element_type=\"container\" data-settings=\"{&quot;background_background&quot;:&quot;classic&quot;,&quot;ekit_has_onepagescroll_dot&quot;:&quot;yes&quot;}\">\n\t\t\t\t\t<div class=\"e-con-inner\">\n\t\t\t\t\t<\/div>\n\t\t\t\t<\/div>\n\t\t<div class=\"elementor-element elementor-element-547df0f e-flex e-con-boxed e-con e-parent\" data-id=\"547df0f\" data-element_type=\"container\" data-settings=\"{&quot;ekit_has_onepagescroll_dot&quot;:&quot;yes&quot;}\">\n\t\t\t\t\t<div class=\"e-con-inner\">\n\t\t\t\t<div class=\"elementor-element elementor-element-9acbd43 elementor-widget elementor-widget-text-editor\" data-id=\"9acbd43\" data-element_type=\"widget\" data-settings=\"{&quot;ekit_we_effect_on&quot;:&quot;none&quot;}\" data-widget_type=\"text-editor.default\">\n\t\t\t\t<div class=\"elementor-widget-container\">\n\t\t\t\t\t\t\t<p><span style=\"font-weight: 400;\">It is time to pay attention to our daily environmental behavior! Today, humanity produces more than it can consume and takes more than it gives back. We face daily challenges of waste pollution, overproduction, food wastage, loss of biodiversity, and climate change due to greenhouse gases. We believe that every sector must contribute to moving towards a cleaner living environment, including public sports competitions and events. This is one of the main reasons why we have decided to set an example for other sports organizers in the future and organize youth cross-country skiing events more environmentally friendly than ever before!<\/span><\/p><p><span style=\"font-weight: 400;\">Here we provide an overview of the areas we take into account when organizing the competition. Additionally, we provide tips on how you can contribute as well.<\/span><\/p><h4><span style=\"font-weight: 400;\"><br \/><\/span><b>Catering:<\/b><\/h4><ul><li style=\"text-align: left;\" class=\" translation-block\"><span style=\"font-weight: 400\">Disposable food containers, utensils, drinking straws, cocktail stirrers, and similar decorations are no longer used at events. <br><\/span><b>All participants, such as athletes, organizers, and spectators, are kindly requested to bring their own food utensils<\/b><span style=\"font-weight: 400\"> (plate\/bowl, cup, cutlery) for enjoying a delicious lunch.<\/span><\/li><li style=\"text-align: left;\"><span style=\"font-weight: 400;\">Small-packaged sugar, salt, pepper, coffee creamer, and similar items are also avoided. If needed, they are served in appropriate containers.<\/span><\/li><li style=\"text-align: left;\"><span style=\"font-weight: 400;\">When providing catering services, preference is given to food made from Estonian ingredients from local producers.\u00a0<\/span><\/li><li style=\"text-align: left;\"><span style=\"font-weight: 400;\">When ordering food, quantities are calculated according to the number of people being catered to in a way that minimizes food wastage.\u00a0<\/span><\/li><li style=\"text-align: center;\"><span style=\"font-weight: 400;\">\u00dcritusel \u00fclej\u00e4\u00e4nud toit antakse p\u00e4eva l\u00f5puks korraldajatele kaasa v\u00f5i annetatakse kokkuleppel kohalikule toidupangale v\u00f5i m\u00f5nele muule organisatsioonile.<\/span> <span style=\"font-weight: 400;\"><span style=\"font-weight: 400;\">Korraldajatele antakse informatsioon edasi toidu kaasa v\u00f5tmise v\u00f5imaluste osas ning kindlasti palutakse selleks kaasa v\u00f5tta omad karbid.<\/span><\/span><p><b>Miks me seda teeme?<\/b><span style=\"font-weight: 400;\"> Sest \u00fchekordsete n\u00f5ude lagunemine v\u00f5ib v\u00f5tta aega kuni 1000 aastat. Paljud \u00fchekordselt kasutatavad plastikn\u00f5ud on valmistatud pol\u00fcst\u00fcreenist, mis v\u00f5ib kuumutamisel eraldada m\u00fcrgiseid kemikaale ja need on kahjulikud nii meie tervisele kui ka loodusele. Ligikaudu 1\/3 kogu maailmas inimeste jaoks toodetud toidust visatakse \u00e4ra, millest piisaks 3 miljardile inimesele. Seda vett, mida kasutatakse \u00e4ravisatud toidu tootmiseks, saaks kasutada 9 miljardit inimest, umbes 200 liitrit inimese kohta p\u00e4evas. Kui toidukadu oleks riik, oleks see suuruselt kolmas kasvuhoonegaaside tootja p\u00e4rast Hiinat ja USA-d.\u00a0<\/span><\/p><p>\u00a0<\/p><\/li><\/ul><h4 style=\"text-align: center;\"><b>Waste:\u00a0<\/b><\/h4><ul><li style=\"font-weight: 400;\" aria-level=\"1\"><p style=\"text-align: left;\"><span style=\"font-weight: 400;\">At the event venue, separate waste collection is provided. Bottle returns, organic waste, packaging, paper and cardboard, and mixed waste are collected separately.<\/span><\/p><\/li><li style=\"font-weight: 400; text-align: left;\" aria-level=\"1\"><p><span style=\"font-weight: 400;\">Each trash bin is assigned a corresponding pictogram and instructions in two languages: Estonian and English.\u00a0<\/span><\/p><\/li><li style=\"font-weight: 400; text-align: left;\" aria-level=\"1\"><p><span style=\"font-weight: 400;\">To ensure proper understanding, the waste sorting system is introduced on-site to participants and organizers.<\/span><\/p><\/li><li style=\"font-weight: 400; text-align: left;\" aria-level=\"1\"><p><span style=\"font-weight: 400;\">To reduce packaging, products have been ordered optimally based on the number of participants and organizers, and suppliers have been requested to send items without packaging or using bulk packaging.<\/span><\/p><\/li><li style=\"font-weight: 400;\" aria-level=\"1\"><p style=\"text-align: left;\"><span style=\"font-weight: 400;\">The event involves green ambassadors who have comprehensive knowledge about waste management and assist participants in segregating waste and provide guidance on various environmental matters.<\/span><\/p><\/li><\/ul><p style=\"text-align: center;\" class=\" translation-block\"><b>Why are we doing this?<\/b><span style=\"font-weight: 400\"> Because the \"produce-consume-throw away\" approach has never been a sensible solution. Such behavior requires a large amount of materials and generates a significant amount of useless waste. This way, we cannot ensure the well-being of both humanity and the environment. Earth's natural resources are limited, which is why we focus on generating as little waste as possible and, when waste is produced, ensuring that as much as possible can be recycled.<\/span><\/p><h4 style=\"text-align: center;\"><b>Materials:<\/b><\/h4><ul><li style=\"font-weight: 400;\" aria-level=\"1\"><p style=\"text-align: left;\"><span style=\"font-weight: 400;\">At sports events, existing signs and promotional materials, which have been ordered in collaboration with sponsors, are used. If there is a need for updates, signs and promotional materials are ordered in a way that allows them to be used for an extended period in the future.<\/span><\/p><\/li><li style=\"font-weight: 400; text-align: left;\" aria-level=\"1\"><p><span style=\"font-weight: 400;\">Existing banners and flags from supporters are also used repeatedly, and ordering new ones is done only when absolutely necessary.<\/span><\/p><\/li><li style=\"font-weight: 400; text-align: left;\" aria-level=\"1\"><p><span style=\"font-weight: 400;\">Information materials are distributed to all participants, including athletes, without printing \u2013 utilizing the event's website and social media.<\/span><\/p><\/li><li style=\"font-weight: 400; text-align: left;\" aria-level=\"1\"><p><span style=\"font-weight: 400;\">Results are displayed on screens during the competitions in a way that eliminates the need for excessive printing.<\/span><\/p><\/li><li style=\"font-weight: 400;\" aria-level=\"1\"><p style=\"text-align: left;\"><span style=\"font-weight: 400;\">During the award ceremonies, athletes are not given bouquets of flowers but instead receive products from local manufacturers and sports equipment they may need. Medals and trophies are ordered based on the number of athletes and competition categories in a way that eliminates excess. Diplomas are not issued to participants in the youth cross-country skiing cup.\u00a0<\/span><\/p><\/li><\/ul><p class=\" translation-block\"><b>Why are we doing this?<\/b><span style=\"font-weight: 400\"> Because overconsumption depletes our already limited resources. We produce more than we can consume and take more than we give back. In 2023, the world's overshoot day was already on August 2nd, and each year, it has moved closer to the beginning of the year. If everyone consumed sensibly and used what we already have, we wouldn't need a new planet. Therefore, it's important that we practice conscious consumption and utilization of materials when organizing these competitions.<\/span><\/p><h4 style=\"text-align: center;\"><b>Transportation:<\/b><\/h4><ul><li style=\"font-weight: 400;\" aria-level=\"1\"><p style=\"text-align: left;\"><span style=\"font-weight: 400;\">During the pre-event information phase, participants are advised to share rides to the maximum extent possible \u2013 organize shared buses or pick up fellow athletes when driving. It is strongly recommended to avoid traveling alone to and from the competition venue.\u00a0<\/span><\/p><\/li><li style=\"font-weight: 400;\" aria-level=\"1\"><p style=\"text-align: left;\"><span style=\"font-weight: 400;\">Motor vehicle use at the competition venue is carried out consciously and with prior planning.<\/span><\/p><\/li><\/ul><p class=\" translation-block\"><b>Why are we doing this?<\/b><span style=\"font-weight: 400\"> Because the transportation sector continues to exert significant pressure on the environment and, ultimately, human health, including air pollution, climate change, and noise. The environmental impact of the transportation sector depends on three main factors: the number and length of trips, the modes of transportation used, and the technology of each mode of transportation.<\/span><\/p><h4 style=\"text-align: center;\"><b>Information exchange:<\/b><\/h4><ul><li style=\"font-weight: 400;\" aria-level=\"1\"><p style=\"text-align: left;\"><span style=\"font-weight: 400;\">Information regarding the environmental sustainability of the competition is shared with spectators, participants, the media, and organizers both before, during, and after the event through social media, email lists, and clubs.\u00a0<\/span><\/p><\/li><li style=\"font-weight: 400; text-align: left;\" aria-level=\"1\"><p><span style=\"font-weight: 400;\">Organizers are provided with information about options for taking food with them, and they are strongly encouraged to bring their own containers for this purpose.\u00a0<\/span><\/p><\/li><li style=\"font-weight: 400;\" aria-level=\"1\"><p style=\"text-align: left;\"><span style=\"font-weight: 400;\">All printed signs are reusable, and preference is given to existing materials.<\/span><\/p><\/li><\/ul><p class=\" translation-block\"><b>Why are we doing this?<\/b><span style=\"font-weight: 400\"> Because waste prevention, preparing for waste reuse, and recycling are integral parts of a circular economy. By using waste as a resource, it's possible to maximize the benefits from natural resources and reduce the demand for new ones. This, in turn, mitigates the environmental impact associated with the introduction of new natural resources and reduces waste generation.<\/span><\/p><h4 style=\"text-align: center;\"><b>Energy:\u00a0<\/b><\/h4><ul><li style=\"font-weight: 400;\" aria-level=\"1\"><p style=\"text-align: left;\"><span style=\"font-weight: 400;\">Natural daylight and grid electricity are maximally utilized. Generators and similar equipment are used optimally only when no other alternative is available.<\/span><\/p><\/li><li style=\"font-weight: 400; text-align: left;\" aria-level=\"1\"><p><span style=\"font-weight: 400;\">Energy-efficient technology is used at the competitions, and when possible, it's integrated into the stadium's infrastructure.\u00a0<\/span><\/p><\/li><li style=\"font-weight: 400;\" aria-level=\"1\"><p style=\"text-align: left;\"><span style=\"font-weight: 400;\">Where relevant and feasible, energy usage is optimized to the maximum extent possible.<\/span><\/p><\/li><\/ul><p class=\" translation-block\"><b>Why are we doing this?<\/b><span style=\"font-weight: 400\"> Because even unused but plugged-in devices can become invisible energy wasters, consuming what's known as phantom power continuously. Electricity doesn't just come from thin air; it needs to be produced from either renewable or non-renewable sources, often accompanied by negative environmental impacts. By consuming wisely, we can contribute to reducing this impact.<\/span><\/p><p class=\" translation-block\"><span style=\"font-weight: 400\"><strong>We also provide You with simple yet effective tips to consider when visiting competitions.<\/strong> <br>By following these, you contribute to our environmental goals.<\/span><\/p><ul><li style=\"font-weight: 400;\" aria-level=\"1\"><p style=\"text-align: left;\"><span style=\"font-weight: 400;\">Bring your reusable food utensils (plate\/bowl, cup, cutlery) to each competition and take them home with you afterward.<\/span><\/p><\/li><li style=\"font-weight: 400; text-align: left;\" aria-level=\"1\"><p><span style=\"font-weight: 400;\">Ask the caterer for a portion that you can finish exactly \u2013 this way, we can avoid food waste and overconsumption. You can always get more if you're still hungry.\u00a0<\/span><\/p><\/li><li style=\"font-weight: 400; text-align: left;\" aria-level=\"1\"><p><span style=\"font-weight: 400;\">Always think carefully about what you bring with you to the competitions to minimize waste.<\/span><\/p><\/li><li style=\"font-weight: 400; text-align: left;\" aria-level=\"1\"><p><span style=\"font-weight: 400;\">Please sort your waste by type: organic waste, packaging, recyclables, paper-cardboard, and mixed waste. This helps more materials return to circulation and reduces the team's workload and time spent significantly.<\/span><\/p><\/li><li style=\"font-weight: 400; text-align: left;\" aria-level=\"1\"><p><span style=\"font-weight: 400;\">If possible, carpool or take public transportation when coming to the competitions.<\/span><\/p><\/li><li style=\"font-weight: 400;\" aria-level=\"1\"><p style=\"text-align: left;\"><span style=\"font-weight: 400;\">Maintain cleanliness, respect fellow guests, and be a friend to nature.<\/span><\/p><\/li><\/ul>\t\t\t\t\t\t<\/div>\n\t\t\t\t<\/div>\n\t\t\t\t\t<\/div>\n\t\t\t\t<\/div>\n\t\t\t\t<\/div>","protected":false},"excerpt":{"rendered":"<p>Keskkonnahoidlik noorte murdmaakarikas Aeg on p\u00f6\u00f6rata t\u00e4helepanu meie igap\u00e4evasele keskkonnak\u00e4itumisele! T\u00e4na toodab inimkond rohkem, kui tarbida suudab ja v\u00f5tab rohkem, kui tagasi annab. Seisame igap\u00e4evaselt silmitsi pr\u00fcgireostuse, \u00fcletootmise, toidu \u00e4raviskamise, bioloogilise mitmekesisuse kadumise ja kasvuhoonegaasidest tingitud kliimamuutustega. Usume, et igal valdkonnal tuleb anda oma panus, et liikuda puhtama elukeskkonna suunas, kaasa arvatud avalikel spordiv\u00f5istlustel ja [&hellip;]<\/p>","protected":false},"author":1,"featured_media":0,"parent":0,"menu_order":0,"comment_status":"closed","ping_status":"closed","template":"","meta":{"_mi_skip_tracking":false,"site-sidebar-layout":"no-sidebar","site-content-layout":"","ast-site-content-layout":"full-width-container","site-content-style":"default","site-sidebar-style":"default","ast-global-header-display":"","ast-banner-title-visibility":"","ast-main-header-display":"","ast-hfb-above-header-display":"","ast-hfb-below-header-display":"","ast-hfb-mobile-header-display":"","site-post-title":"disabled","ast-breadcrumbs-content":"","ast-featured-img":"disabled","footer-sml-layout":"","theme-transparent-header-meta":"","adv-header-id-meta":"","stick-header-meta":"","header-above-stick-meta":"","header-main-stick-meta":"","header-below-stick-meta":"","astra-migrate-meta-layouts":"default","ast-page-background-enabled":"default","ast-page-background-meta":{"desktop":{"background-color":"var(--ast-global-color-4)","background-image":"","background-repeat":"repeat","background-position":"center center","background-size":"auto","background-attachment":"scroll","background-type":"","background-media":"","overlay-type":"","overlay-color":"","overlay-opacity":"","overlay-gradient":""},"tablet":{"background-color":"","background-image":"","background-repeat":"repeat","background-position":"center center","background-size":"auto","background-attachment":"scroll","background-type":"","background-media":"","overlay-type":"","overlay-color":"","overlay-opacity":"","overlay-gradient":""},"mobile":{"background-color":"","background-image":"","background-repeat":"repeat","background-position":"center center","background-size":"auto","background-attachment":"scroll","background-type":"","background-media":"","overlay-type":"","overlay-color":"","overlay-opacity":"","overlay-gradient":""}},"ast-content-background-meta":{"desktop":{"background-color":"var(--ast-global-color-5)","background-image":"","background-repeat":"repeat","background-position":"center center","background-size":"auto","background-attachment":"scroll","background-type":"","background-media":"","overlay-type":"","overlay-color":"","overlay-opacity":"","overlay-gradient":""},"tablet":{"background-color":"var(--ast-global-color-5)","background-image":"","background-repeat":"repeat","background-position":"center center","background-size":"auto","background-attachment":"scroll","background-type":"","background-media":"","overlay-type":"","overlay-color":"","overlay-opacity":"","overlay-gradient":""},"mobile":{"background-color":"var(--ast-global-color-5)","background-image":"","background-repeat":"repeat","background-position":"center center","background-size":"auto","background-attachment":"scroll","background-type":"","background-media":"","overlay-type":"","overlay-color":"","overlay-opacity":"","overlay-gradient":""}},"footnotes":""},"class_list":["post-394","page","type-page","status-publish","hentry"],"_links":{"self":[{"href":"https:\/\/noortemk.eu\/en\/wp-json\/wp\/v2\/pages\/394","targetHints":{"allow":["GET"]}}],"collection":[{"href":"https:\/\/noortemk.eu\/en\/wp-json\/wp\/v2\/pages"}],"about":[{"href":"https:\/\/noortemk.eu\/en\/wp-json\/wp\/v2\/types\/page"}],"author":[{"embeddable":true,"href":"https:\/\/noortemk.eu\/en\/wp-json\/wp\/v2\/users\/1"}],"replies":[{"embeddable":true,"href":"https:\/\/noortemk.eu\/en\/wp-json\/wp\/v2\/comments?post=394"}],"version-history":[{"count":13,"href":"https:\/\/noortemk.eu\/en\/wp-json\/wp\/v2\/pages\/394\/revisions"}],"predecessor-version":[{"id":616,"href":"https:\/\/noortemk.eu\/en\/wp-json\/wp\/v2\/pages\/394\/revisions\/616"}],"wp:attachment":[{"href":"https:\/\/noortemk.eu\/en\/wp-json\/wp\/v2\/media?parent=394"}],"curies":[{"name":"wp","href":"https:\/\/api.w.org\/{rel}","templated":true}]}}