{"id":2367,"date":"2025-09-22T12:08:50","date_gmt":"2025-09-22T12:08:50","guid":{"rendered":"https:\/\/noortemk.eu\/?page_id=2367"},"modified":"2025-10-02T10:45:51","modified_gmt":"2025-10-02T10:45:51","slug":"sugiskarikas-2025","status":"publish","type":"page","link":"https:\/\/noortemk.eu\/en\/sugiskarikas-2025\/","title":{"rendered":"S\u00fcgiskarikas 2025"},"content":{"rendered":"<div data-elementor-type=\"wp-page\" data-elementor-id=\"2367\" class=\"elementor elementor-2367\" data-elementor-post-type=\"page\">\n\t\t\t\t<div class=\"elementor-element elementor-element-630107c5 e-con-full e-flex e-con e-parent\" data-id=\"630107c5\" data-element_type=\"container\" data-settings=\"{&quot;background_background&quot;:&quot;classic&quot;,&quot;ekit_has_onepagescroll_dot&quot;:&quot;yes&quot;}\">\n\t\t\t\t<div class=\"elementor-element elementor-element-373c0055 uael-offcanvas-wrap-submenu-yes uael-offcanvas-trigger-align-floating ekit-sticky--top uael-offcanvas-submenu-icon-plus uael-off-canvas-link-redirect-child elementor-widget elementor-widget-global elementor-global-546 elementor-widget-uael-offcanvas\" data-id=\"373c0055\" data-element_type=\"widget\" data-settings=\"{&quot;sticky&quot;:&quot;top&quot;,&quot;ekit_sticky&quot;:&quot;top&quot;,&quot;ekit_we_effect_on&quot;:&quot;none&quot;,&quot;ekit_sticky_offset&quot;:{&quot;unit&quot;:&quot;px&quot;,&quot;size&quot;:0,&quot;sizes&quot;:[]},&quot;ekit_sticky_on&quot;:&quot;desktop_tablet_mobile&quot;,&quot;ekit_sticky_effect_offset&quot;:{&quot;unit&quot;:&quot;px&quot;,&quot;size&quot;:0,&quot;sizes&quot;:[]},&quot;sticky_on&quot;:[&quot;desktop&quot;,&quot;tablet&quot;,&quot;mobile&quot;],&quot;sticky_offset&quot;:0,&quot;sticky_effects_offset&quot;:0}\" data-widget_type=\"uael-offcanvas.default\">\n\t\t\t\t<div class=\"elementor-widget-container\">\n\t\t\t\n\t\t<div id=\"373c0055-overlay\" data-trigger-on=\"icon\" data-close-on-overlay=\"yes\" data-close-on-esc=\"yes\" data-content=\"menu\" data-device=\"false\" data-custom=\"\" data-custom-id=\"\" data-canvas-width=\"402\" data-wrap-menu-item=\"yes\" class=\"uael-offcanvas-parent-wrapper uael-module-content uaoffcanvas-373c0055\" >\n\t\t\t<div id=\"offcanvas-373c0055\" class=\"uael-offcanvas uael-custom-offcanvas   uael-offcanvas-type-normal uael-offcanvas-scroll-disable uael-offcanvas-shadow-inset position-at-left\">\n\t\t\t\t<div class=\"uael-offcanvas-content\">\n\t\t\t\t\t<div class=\"uael-offcanvas-action-wrap\">\n\t\t\t\t\t\t\t\t\t\t<div class=\"uael-offcanvas-close-icon-wrapper elementor-icon-wrapper elementor-clickable uael-offcanvas-close-icon-position-right-top\">\n\t\t\t\t\t<span class=\"uael-offcanvas-close elementor-icon-link elementor-clickable\">\n\t\t\t\t\t\t<span class=\"uael-offcanvas-close-icon\">\n\t\t\t\t\t\t\t\t\t\t\t\t\t\t\t\t<svg aria-hidden=\"true\" class=\"e-font-icon-svg e-fas-times\" viewbox=\"0 0 352 512\" xmlns=\"http:\/\/www.w3.org\/2000\/svg\"><path d=\"M242.72 256l100.07-100.07c12.28-12.28 12.28-32.19 0-44.48l-22.24-22.24c-12.28-12.28-32.19-12.28-44.48 0L176 189.28 75.93 89.21c-12.28-12.28-32.19-12.28-44.48 0L9.21 111.45c-12.28 12.28-12.28 32.19 0 44.48L109.28 256 9.21 356.07c-12.28 12.28-12.28 32.19 0 44.48l22.24 22.24c12.28 12.28 32.2 12.28 44.48 0L176 322.72l100.07 100.07c12.28 12.28 32.2 12.28 44.48 0l22.24-22.24c12.28-12.28 12.28-32.19 0-44.48L242.72 256z\"><\/path><\/svg>\t\t\t\t\t\t\t\t\t\t\t\t\t<\/span>\n\t\t\t\t\t<\/span>\n\t\t\t\t<\/div>\n\t\t\t\t\t\t\t\t\t<\/div>\n\t\t\t\t\t<div class=\"uael-offcanvas-text uael-offcanvas-content-data\">\n\t\t\t\t\t\t<ul id=\"menu-1-373c0055\" class=\"uael-offcanvas-menu\"><li id=\"menu-item-1904\" class=\"menu-item menu-item-type-post_type menu-item-object-page menu-item-home uael-offcanvas-menu-parent uael-offcanvas-creative-menu\"><a href=\"https:\/\/noortemk.eu\/en\/\" class = \"uael-offcanvas-menu-item\">Avaleht<\/a><\/li>\n<li id=\"menu-item-2651\" class=\"menu-item menu-item-type-post_type menu-item-object-page uael-offcanvas-menu-parent uael-offcanvas-creative-menu\"><a href=\"https:\/\/noortemk.eu\/en\/finaal-tehvandil\/\" class = \"uael-offcanvas-menu-item\">Finaal Tehvandil<\/a><\/li>\n<li id=\"menu-item-2601\" class=\"menu-item menu-item-type-post_type menu-item-object-page uael-offcanvas-menu-parent uael-offcanvas-creative-menu\"><a href=\"https:\/\/noortemk.eu\/en\/suusakross-tehvandil\/\" class = \"uael-offcanvas-menu-item\">Suusakross Tehvandil<\/a><\/li>\n<li id=\"menu-item-2535\" class=\"menu-item menu-item-type-post_type menu-item-object-page uael-offcanvas-menu-parent uael-offcanvas-creative-menu\"><a href=\"https:\/\/noortemk.eu\/en\/haanja2026\/\" class = \"uael-offcanvas-menu-item\">J\u00e4lituss\u00f5idud Haanjas<\/a><\/li>\n<li id=\"menu-item-2450\" class=\"menu-item menu-item-type-post_type menu-item-object-page uael-offcanvas-menu-parent uael-offcanvas-creative-menu\"><a href=\"https:\/\/noortemk.eu\/en\/sprint25\/\" class = \"uael-offcanvas-menu-item\">Sprint Weekend J\u00f5ulum\u00e4el<\/a><\/li>\n<li id=\"menu-item-2373\" class=\"menu-item menu-item-type-post_type menu-item-object-page uael-offcanvas-menu-parent uael-offcanvas-creative-menu\"><a href=\"https:\/\/noortemk.eu\/en\/johvi\/\" class = \"uael-offcanvas-menu-item\">Staadionijooks J\u00f5hvis<\/a><\/li>\n<li id=\"menu-item-2372\" class=\"menu-item menu-item-type-post_type menu-item-object-page uael-offcanvas-menu-parent uael-offcanvas-creative-menu\"><a href=\"https:\/\/noortemk.eu\/en\/sugiskarikas-2025\/\" class = \"uael-offcanvas-menu-item\">S\u00fcgiskarikas 2025<\/a><\/li>\n<li id=\"menu-item-2342\" class=\"menu-item menu-item-type-custom menu-item-object-custom menu-item-has-children uael-offcanvas-menu-parent uael-offcanvas-menu-has-submenu uael-offcanvas-creative-menu\"><div class=\"uael-offcanvas-has-submenu-container\"><a aria-expanded=\"false\" href=\"https:\/\/noortemk.eu\/en\/\" class = \"uael-offcanvas-menu-item\">Arhiiv<span class='uael-offcanvas-menu-toggle uael-offcanvas-sub-arrow uael-offcanvas-menu-child-0'><i class='fa'><\/i><\/span><\/a><\/div>\n<ul class=\"sub-menu\">\n\t<li id=\"menu-item-2343\" class=\"menu-item menu-item-type-custom menu-item-object-custom menu-item-has-children uael-offcanvas-menu-has-submenu uael-offcanvas-creative-menu\"><div class=\"uael-offcanvas-has-submenu-container\"><a aria-expanded=\"false\" href=\"https:\/\/noortemk.eu\/en\/\" class = \"uael-offcanvas-sub-menu-item\">Hooaeg 2024\/25<span class='uael-offcanvas-menu-toggle uael-offcanvas-sub-arrow uael-offcanvas-menu-child-1'><i class='fa'><\/i><\/span><\/a><\/div>\n\t<ul class=\"sub-menu\">\n\t\t<li id=\"menu-item-2295\" class=\"menu-item menu-item-type-post_type menu-item-object-page uael-offcanvas-creative-menu\"><a href=\"https:\/\/noortemk.eu\/en\/finaal-alutagusel\/\" class = \"uael-offcanvas-sub-menu-item\">Finaal Alutagusel<\/a><\/li>\n\t\t<li id=\"menu-item-2244\" class=\"menu-item menu-item-type-post_type menu-item-object-page uael-offcanvas-creative-menu\"><a href=\"https:\/\/noortemk.eu\/en\/suusakross-lahtel\/\" class = \"uael-offcanvas-sub-menu-item\">Suusakross L\u00e4htel<\/a><\/li>\n\t\t<li id=\"menu-item-2152\" class=\"menu-item menu-item-type-post_type menu-item-object-page uael-offcanvas-creative-menu\"><a href=\"https:\/\/noortemk.eu\/en\/sprint-weekend-2025\/\" class = \"uael-offcanvas-sub-menu-item\">Sprint Weekend 2025<\/a><\/li>\n\t\t<li id=\"menu-item-2083\" class=\"menu-item menu-item-type-post_type menu-item-object-page uael-offcanvas-creative-menu\"><a href=\"https:\/\/noortemk.eu\/en\/pursuit-2025\/\" class = \"uael-offcanvas-sub-menu-item\">J\u00e4lituss\u00f5it Alutagusel<\/a><\/li>\n\t\t<li id=\"menu-item-2044\" class=\"menu-item menu-item-type-post_type menu-item-object-page uael-offcanvas-creative-menu\"><a href=\"https:\/\/noortemk.eu\/en\/proloog\/\" class = \"uael-offcanvas-sub-menu-item\">Proloog<\/a><\/li>\n\t\t<li id=\"menu-item-1902\" class=\"menu-item menu-item-type-post_type menu-item-object-page uael-offcanvas-creative-menu\"><a href=\"https:\/\/noortemk.eu\/en\/tartu\/\" class = \"uael-offcanvas-sub-menu-item\">Staadionijooks Tartus<\/a><\/li>\n\t<\/ul>\n<\/li>\n\t<li id=\"menu-item-1735\" class=\"menu-item menu-item-type-post_type menu-item-object-page uael-offcanvas-creative-menu\"><a href=\"https:\/\/noortemk.eu\/en\/sugiskarikas-2024\/\" class = \"uael-offcanvas-sub-menu-item\">S\u00fcgiskarikas 2024<\/a><\/li>\n\t<li id=\"menu-item-1734\" class=\"menu-item menu-item-type-custom menu-item-object-custom menu-item-has-children uael-offcanvas-menu-has-submenu uael-offcanvas-creative-menu\"><div class=\"uael-offcanvas-has-submenu-container\"><a aria-expanded=\"false\" href=\"https:\/\/noortemk.eu\/en\/\" class = \"uael-offcanvas-sub-menu-item\">Hooaeg 2023\/24<span class='uael-offcanvas-menu-toggle uael-offcanvas-sub-arrow uael-offcanvas-menu-child-1'><i class='fa'><\/i><\/span><\/a><\/div>\n\t<ul class=\"sub-menu\">\n\t\t<li id=\"menu-item-457\" class=\"menu-item menu-item-type-post_type menu-item-object-page uael-offcanvas-creative-menu\"><a href=\"https:\/\/noortemk.eu\/en\/kaariku\/\" class = \"uael-offcanvas-sub-menu-item\">K\u00e4\u00e4riku<\/a><\/li>\n\t\t<li id=\"menu-item-1029\" class=\"menu-item menu-item-type-post_type menu-item-object-page uael-offcanvas-creative-menu\"><a href=\"https:\/\/noortemk.eu\/en\/sprint-weekend\/\" class = \"uael-offcanvas-sub-menu-item\">Sprint Weekend<\/a><\/li>\n\t\t<li id=\"menu-item-1302\" class=\"menu-item menu-item-type-post_type menu-item-object-page uael-offcanvas-creative-menu\"><a href=\"https:\/\/noortemk.eu\/en\/pursuit\/\" class = \"uael-offcanvas-sub-menu-item\">Alutaguse j\u00e4lituss\u00f5it<\/a><\/li>\n\t\t<li id=\"menu-item-1454\" class=\"menu-item menu-item-type-post_type menu-item-object-page uael-offcanvas-creative-menu\"><a href=\"https:\/\/noortemk.eu\/en\/suusakross\/\" class = \"uael-offcanvas-sub-menu-item\">Skicross<\/a><\/li>\n\t\t<li id=\"menu-item-1556\" class=\"menu-item menu-item-type-post_type menu-item-object-page uael-offcanvas-creative-menu\"><a href=\"https:\/\/noortemk.eu\/en\/mass-start\/\" class = \"uael-offcanvas-sub-menu-item\">\u00dchisstart Haanjas<\/a><\/li>\n\t\t<li id=\"menu-item-1903\" class=\"menu-item menu-item-type-post_type menu-item-object-page uael-offcanvas-creative-menu\"><a href=\"https:\/\/noortemk.eu\/en\/tulemused-23-24\/\" class = \"uael-offcanvas-sub-menu-item\">Tulemused 2023\/24 hooajal<\/a><\/li>\n\t<\/ul>\n<\/li>\n<\/ul>\n<\/li>\n<li id=\"menu-item-164\" class=\"menu-item menu-item-type-custom menu-item-object-custom uael-offcanvas-menu-parent uael-offcanvas-creative-menu\"><a href=\"https:\/\/noortemk.eu\/en\/#etapid\" class = \"uael-offcanvas-menu-item\">Stages<\/a><\/li>\n<li id=\"menu-item-409\" class=\"menu-item menu-item-type-post_type menu-item-object-page uael-offcanvas-menu-parent uael-offcanvas-creative-menu\"><a href=\"https:\/\/noortemk.eu\/en\/keskkond\/\" class = \"uael-offcanvas-menu-item\">Environment<\/a><\/li>\n<li id=\"menu-item-166\" class=\"menu-item menu-item-type-custom menu-item-object-custom uael-offcanvas-menu-parent uael-offcanvas-creative-menu\"><a href=\"https:\/\/noortemk.eu\/en\/#kontakt\" class = \"uael-offcanvas-menu-item\">Contact<\/a><\/li>\n<li id=\"menu-item-308\" class=\"menu-item menu-item-type-custom menu-item-object-custom uael-offcanvas-menu-parent uael-offcanvas-creative-menu\"><a href=\"https:\/\/noortemk.eu\/wp-content\/uploads\/2025\/09\/Noorte-MK-ULDJUHEND-2025-26.pdf\" class = \"uael-offcanvas-menu-item\">Sarja \u00fcldjuhend 2025-26<\/a><\/li>\n<\/ul>\t\t\t\t\t<\/div>\n\t\t\t\t<\/div>\n\t\t\t<\/div>\n\t\t\t<div class=\"uael-offcanvas-overlay elementor-clickable\"><\/div>\n\t\t<\/div>\n\t\t\t<div class=\"uael-offcanvas-action-wrap\">\n\t\t\t\t\t\t\t<div tabindex=\"0\" class=\"uael-offcanvas-action elementor-clickable uael-offcanvas-trigger uael-offcanvas-icon-wrap\" data-offcanvas=\"373c0055\"><span class=\"uael-offcanvas-icon-bg uael-offcanvas-icon  uael-offcanvas-action-alignment-left\"><i aria-hidden=\"true\" class=\"icon icon-menu-button-of-three-horizontal-lines\"><\/i><\/span><\/div>\n\t\t\t\t\t\t<\/div>\n\t\t\t\t<\/div>\n\t\t\t\t<\/div>\n\t\t<div class=\"elementor-element elementor-element-76435cc4 e-con-full e-flex e-con e-child\" data-id=\"76435cc4\" data-element_type=\"container\" data-settings=\"{&quot;background_background&quot;:&quot;classic&quot;,&quot;ekit_has_onepagescroll_dot&quot;:&quot;yes&quot;}\">\n\t\t\t\t<\/div>\n\t\t\t\t<\/div>\n\t\t<div class=\"elementor-element elementor-element-5ef5272c e-flex e-con-boxed e-con e-parent\" data-id=\"5ef5272c\" data-element_type=\"container\" data-settings=\"{&quot;ekit_has_onepagescroll_dot&quot;:&quot;yes&quot;}\">\n\t\t\t\t\t<div class=\"e-con-inner\">\n\t\t\t\t<div class=\"elementor-element elementor-element-6bbe04bd elementor-widget elementor-widget-heading\" data-id=\"6bbe04bd\" data-element_type=\"widget\" data-settings=\"{&quot;ekit_we_effect_on&quot;:&quot;none&quot;}\" data-widget_type=\"heading.default\">\n\t\t\t\t<div class=\"elementor-widget-container\">\n\t\t\t<h1 class=\"elementor-heading-title elementor-size-default\">SARJA INFO<\/h1>\t\t<\/div>\n\t\t\t\t<\/div>\n\t\t\t\t<div class=\"elementor-element elementor-element-90b5a97 elementor-align-center elementor-widget elementor-widget-button\" data-id=\"90b5a97\" data-element_type=\"widget\" data-settings=\"{&quot;ekit_we_effect_on&quot;:&quot;none&quot;}\" data-widget_type=\"button.default\">\n\t\t\t\t<div class=\"elementor-widget-container\">\n\t\t\t\t\t<div class=\"elementor-button-wrapper\">\n\t\t\t<a class=\"elementor-button elementor-button-link elementor-size-sm\" href=\"https:\/\/noortemk.eu\/wp-content\/uploads\/2025\/10\/Sugiskarika-koond-3.pdf\">\n\t\t\t\t\t\t<span class=\"elementor-button-content-wrapper\">\n\t\t\t\t\t\t\t\t\t<span class=\"elementor-button-text\">S\u00fcgiskarika koond peale 3. etappi<\/span>\n\t\t\t\t\t<\/span>\n\t\t\t\t\t<\/a>\n\t\t<\/div>\n\t\t\t\t<\/div>\n\t\t\t\t<\/div>\n\t\t\t\t<div class=\"elementor-element elementor-element-74783362 elementor-widget-mobile__width-inherit elementor-widget elementor-widget-elementskit-simple-tab\" data-id=\"74783362\" data-element_type=\"widget\" data-settings=\"{&quot;ekit_we_effect_on&quot;:&quot;none&quot;}\" data-widget_type=\"elementskit-simple-tab.default\">\n\t\t\t\t<div class=\"elementor-widget-container\">\n\t\t\t<div class=\"ekit-wid-con\" >        <div class=\"elementkit-tab-wraper vertical  elementskit-fitcontent-tab\">\n            <ul class=\"nav nav-tabs elementkit-tab-nav  tab-nav-fluid\">\n                                    <li class=\"elementkit-nav-item elementor-repeater-item-0790c0c\">\n                        <a class=\"elementkit-nav-link  active show left-pos\" id=\"content-0790c0c69d27dac4cd3b-tab\" data-ekit-handler-id=\"etapid\" data-ekit-toggle=\"tab\" data-target=\"#content-0790c0c69d27dac4cd3b\" href=\"#Content-0790c0c69d27dac4cd3b\"\n                            data-ekit-toggle-trigger=\"click\"\n                            aria-describedby=\"Content-0790c0c69d27dac4cd3b\">\n                            <span class=\"icon icon-calendar-full elementskit-tab-icon\"><\/span>                            <span class=\"elementskit-tab-title\"> Etapid<\/span>\n                        <\/a>\n                    <\/li>\n                                        <li class=\"elementkit-nav-item elementor-repeater-item-82e2372\">\n                        <a class=\"elementkit-nav-link  left-pos\" id=\"content-82e237269d27dac4cd3b-tab\" data-ekit-handler-id=\"oluline-info\" data-ekit-toggle=\"tab\" data-target=\"#content-82e237269d27dac4cd3b\" href=\"#Content-82e237269d27dac4cd3b\"\n                            data-ekit-toggle-trigger=\"click\"\n                            aria-describedby=\"Content-82e237269d27dac4cd3b\">\n                            <span class=\"icon icon-information elementskit-tab-icon\"><\/span>                            <span class=\"elementskit-tab-title\"> Important Info<\/span>\n                        <\/a>\n                    <\/li>\n                                        <li class=\"elementkit-nav-item elementor-repeater-item-d0b0048\">\n                        <a class=\"elementkit-nav-link  left-pos\" id=\"content-d0b004869d27dac4cd3b-tab\" data-ekit-handler-id=\"autasustamine\" data-ekit-toggle=\"tab\" data-target=\"#content-d0b004869d27dac4cd3b\" href=\"#Content-d0b004869d27dac4cd3b\"\n                            data-ekit-toggle-trigger=\"click\"\n                            aria-describedby=\"Content-d0b004869d27dac4cd3b\">\n                            <span class=\"icon icon-diamond elementskit-tab-icon\"><\/span>                            <span class=\"elementskit-tab-title\"> Awards<\/span>\n                        <\/a>\n                    <\/li>\n                                        <li class=\"elementkit-nav-item elementor-repeater-item-981862d\">\n                        <a class=\"elementkit-nav-link  left-pos\" id=\"content-981862d69d27dac4cd3b-tab\" data-ekit-handler-id=\"tulemused\" data-ekit-toggle=\"tab\" data-target=\"#content-981862d69d27dac4cd3b\" href=\"#Content-981862d69d27dac4cd3b\"\n                            data-ekit-toggle-trigger=\"click\"\n                            aria-describedby=\"Content-981862d69d27dac4cd3b\">\n                            <span class=\"icon icon-timing elementskit-tab-icon\"><\/span>                            <span class=\"elementskit-tab-title\"> Results<\/span>\n                        <\/a>\n                    <\/li>\n                                <\/ul>\n\n            <div class=\"tab-content elementkit-tab-content\">\n                                    <div class=\"tab-pane elementkit-tab-pane elementor-repeater-item-0790c0c  active show\" id=\"content-0790c0c69d27dac4cd3b\" role=\"tabpanel\"\n                         aria-labelledby=\"content-0790c0c69d27dac4cd3b-tab\">\n                        <div class=\"animated fadeIn\">\n                            <p><strong>13.09\u00a0 Tartu S\u00fcgisrull\u00a0<\/strong> &#8211;\u00a0 Jooks+Rull V<\/p><p><strong>21.09\u00a0 J\u00f5ulum\u00e4e S\u00fcgisrull\u00a0 &#8211;\u00a0 <\/strong>Suusavahetusega s\u00f5it<\/p><p><strong>28.09\u00a0 \u00a0V\u00f5ru Roller\u00a0<\/strong> &#8211;\u00a0 Vabatehnika \u00fchisstardid<\/p><p><strong>4.10\u00a0 \u00a0Alutaguse S\u00fcgisrull\u00a0 <\/strong>\u00a0&#8211;\u00a0 \u00a0Jooks, J\u00e4lituss\u00f5it KL<\/p><p><strong>5.10\u00a0 \u00a0Noorte MK 2025\/26 talvehooaja avaetapp J\u00f5hvis, Heino Lipu staadionil <\/strong>\u00a0&#8211;\u00a0 Staadionijooks<\/p><p>Etappide juhendid ja registreerimise info leiad <a href=\"https:\/\/www.suusaliit.ee\/et\/voistlused\">Suusaliidu kalendrist<\/a><\/p>                        <\/div>\n                    <\/div>\n                                    <div class=\"tab-pane elementkit-tab-pane elementor-repeater-item-82e2372\" id=\"content-82e237269d27dac4cd3b\" role=\"tabpanel\"\n                         aria-labelledby=\"content-82e237269d27dac4cd3b-tab\">\n                        <div class=\"animated fadeIn\">\n                            <p>S\u00fcgisene sariv\u00f5istlus &#8220;Noorte MK S\u00fcgiskarikas&#8221; on koond\u00fcritus, mis h\u00f5lmab s\u00fcgisel toimuvaid rullsuusatamise ja jooksuv\u00f5istlusi Eesti noorsuusatajatele. Erinevaid sarja etappe korraldavad kohalikud suusaklubid, sarja koondarvestust peab Eesti Suusaliit.<\/p><p><strong><a href=\"https:\/\/noortemk.eu\/wp-content\/uploads\/2025\/09\/Noorte-MK-Sugiskarikas-2025.pdf\">Sarja juhendi leiad siit<\/a><\/strong><\/p><p>Sarja finaaletapiks on Noorte MK 2025\/26 talvehooaja avaetapp staadionijooksus J\u00f5hvis, Heino Lipu staadionil. J\u00f5hvis toimub ka &#8220;S\u00fcgiskarikas&#8221; sarja autasustamine.\u00a0<\/p><p>S\u00fcgiskarika sarjas peetakse arvestust allj\u00e4rgnevates vanuseklassides:<\/p><p><strong>MN12<\/strong><br \/><strong>MN14<\/strong><br \/><strong>MN16<\/strong><br \/><strong>MN18<\/strong><br \/><strong>MN20<\/strong><\/p><p>Iga osav\u00f5istlus on k\u00e4sitletav ka eraldi v\u00f5istlusena ning osalevaid vanuseklasse on igal v\u00f5istlusel rohkem. Iga v\u00f5istluse kohta loe t\u00e4psemalt osav\u00f5istluste juhendist.\u00a0<\/p><p>Igale osav\u00f5istlusele registreerimine toimuv vastavalt v\u00f5istluse juhendile. Kogu sarjale korraga registreerimist ei toimu.<\/p><p>Etappide juhendid ja registreerimise info leiad <a href=\"https:\/\/www.suusaliit.ee\/et\/voistlused\">Suusaliidu kalendrist<\/a><\/p>                        <\/div>\n                    <\/div>\n                                    <div class=\"tab-pane elementkit-tab-pane elementor-repeater-item-d0b0048\" id=\"content-d0b004869d27dac4cd3b\" role=\"tabpanel\"\n                         aria-labelledby=\"content-d0b004869d27dac4cd3b-tab\">\n                        <div class=\"animated fadeIn\">\n                            <p><b>Awards:<\/b><\/p><p>Igal etapil jagatakse vanuseklasside parematele autasusid vastavalt etapi juhendmaterjalidele.\u00a0<\/p><p>Sarja kokkuv\u00f5ttes autasustatakse iga vanuseklassi 3 paremat sportlast karikate ning meenetega sarja partneritelt.<\/p>                        <\/div>\n                    <\/div>\n                                    <div class=\"tab-pane elementkit-tab-pane elementor-repeater-item-981862d\" id=\"content-981862d69d27dac4cd3b\" role=\"tabpanel\"\n                         aria-labelledby=\"content-981862d69d27dac4cd3b-tab\">\n                        <div class=\"animated fadeIn\">\n                            <p><strong>TULEMUSED<\/strong><\/p>                        <\/div>\n                    <\/div>\n                                \n            <\/div>\n                    <\/div>\n    <\/div>\t\t<\/div>\n\t\t\t\t<\/div>\n\t\t\t\t\t<\/div>\n\t\t\t\t<\/div>\n\t\t\t\t<\/div>","protected":false},"excerpt":{"rendered":"<p>Avaleht Staadionijooks J\u00f5hvis S\u00fcgiskarikas 2025 Arhiiv Hooaeg 2024\/25 Finaal Alutagusel Suusakross L\u00e4htel Sprint Weekend 2025 J\u00e4lituss\u00f5it Alutagusel Proloog Staadionijooks Tartus S\u00fcgiskarikas 2024 Hooaeg 2023\/24 K\u00e4\u00e4riku Sprint Weekend Alutaguse j\u00e4lituss\u00f5it Suusakross \u00dchisstart Haanjas Tulemused 2023\/24 hooajal Sarja etapid Keskkond Kontakt Sarja \u00fcldjuhend 2025-26 SARJA INFO S\u00fcgiskarika koond peale 3. etappi Etapid Oluline info Autasustamine Tulemused 13.09\u00a0 [&hellip;]<\/p>","protected":false},"author":1,"featured_media":0,"parent":0,"menu_order":0,"comment_status":"closed","ping_status":"closed","template":"elementor_canvas","meta":{"_mi_skip_tracking":false,"site-sidebar-layout":"no-sidebar","site-content-layout":"","ast-site-content-layout":"full-width-container","site-content-style":"default","site-sidebar-style":"default","ast-global-header-display":"","ast-banner-title-visibility":"","ast-main-header-display":"","ast-hfb-above-header-display":"","ast-hfb-below-header-display":"","ast-hfb-mobile-header-display":"","site-post-title":"disabled","ast-breadcrumbs-content":"","ast-featured-img":"disabled","footer-sml-layout":"","theme-transparent-header-meta":"","adv-header-id-meta":"","stick-header-meta":"","header-above-stick-meta":"","header-main-stick-meta":"","header-below-stick-meta":"","astra-migrate-meta-layouts":"default","ast-page-background-enabled":"default","ast-page-background-meta":{"desktop":{"background-color":"var(--ast-global-color-4)","background-image":"","background-repeat":"repeat","background-position":"center center","background-size":"auto","background-attachment":"scroll","background-type":"","background-media":"","overlay-type":"","overlay-color":"","overlay-opacity":"","overlay-gradient":""},"tablet":{"background-color":"","background-image":"","background-repeat":"repeat","background-position":"center center","background-size":"auto","background-attachment":"scroll","background-type":"","background-media":"","overlay-type":"","overlay-color":"","overlay-opacity":"","overlay-gradient":""},"mobile":{"background-color":"","background-image":"","background-repeat":"repeat","background-position":"center center","background-size":"auto","background-attachment":"scroll","background-type":"","background-media":"","overlay-type":"","overlay-color":"","overlay-opacity":"","overlay-gradient":""}},"ast-content-background-meta":{"desktop":{"background-color":"var(--ast-global-color-5)","background-image":"","background-repeat":"repeat","background-position":"center center","background-size":"auto","background-attachment":"scroll","background-type":"","background-media":"","overlay-type":"","overlay-color":"","overlay-opacity":"","overlay-gradient":""},"tablet":{"background-color":"var(--ast-global-color-5)","background-image":"","background-repeat":"repeat","background-position":"center center","background-size":"auto","background-attachment":"scroll","background-type":"","background-media":"","overlay-type":"","overlay-color":"","overlay-opacity":"","overlay-gradient":""},"mobile":{"background-color":"var(--ast-global-color-5)","background-image":"","background-repeat":"repeat","background-position":"center center","background-size":"auto","background-attachment":"scroll","background-type":"","background-media":"","overlay-type":"","overlay-color":"","overlay-opacity":"","overlay-gradient":""}},"footnotes":""},"class_list":["post-2367","page","type-page","status-publish","hentry"],"_links":{"self":[{"href":"https:\/\/noortemk.eu\/en\/wp-json\/wp\/v2\/pages\/2367","targetHints":{"allow":["GET"]}}],"collection":[{"href":"https:\/\/noortemk.eu\/en\/wp-json\/wp\/v2\/pages"}],"about":[{"href":"https:\/\/noortemk.eu\/en\/wp-json\/wp\/v2\/types\/page"}],"author":[{"embeddable":true,"href":"https:\/\/noortemk.eu\/en\/wp-json\/wp\/v2\/users\/1"}],"replies":[{"embeddable":true,"href":"https:\/\/noortemk.eu\/en\/wp-json\/wp\/v2\/comments?post=2367"}],"version-history":[{"count":10,"href":"https:\/\/noortemk.eu\/en\/wp-json\/wp\/v2\/pages\/2367\/revisions"}],"predecessor-version":[{"id":2406,"href":"https:\/\/noortemk.eu\/en\/wp-json\/wp\/v2\/pages\/2367\/revisions\/2406"}],"wp:attachment":[{"href":"https:\/\/noortemk.eu\/en\/wp-json\/wp\/v2\/media?parent=2367"}],"curies":[{"name":"wp","href":"https:\/\/api.w.org\/{rel}","templated":true}]}}