{"id":1993,"date":"2024-12-03T07:04:15","date_gmt":"2024-12-03T07:04:15","guid":{"rendered":"https:\/\/noortemk.eu\/?page_id=1993"},"modified":"2024-12-03T07:26:54","modified_gmt":"2024-12-03T07:26:54","slug":"poll","status":"publish","type":"page","link":"https:\/\/noortemk.eu\/en\/poll\/","title":{"rendered":"Poll"},"content":{"rendered":"<div data-elementor-type=\"wp-page\" data-elementor-id=\"1993\" class=\"elementor elementor-1993\" data-elementor-post-type=\"page\">\n\t\t\t\t<div class=\"elementor-element elementor-element-63756d2 e-flex e-con-boxed e-con e-parent\" data-id=\"63756d2\" data-element_type=\"container\" data-settings=\"{&quot;ekit_has_onepagescroll_dot&quot;:&quot;yes&quot;}\">\n\t\t\t\t\t<div class=\"e-con-inner\">\n\t\t\t\t<div class=\"elementor-element elementor-element-5bfa47e elementor-widget elementor-widget-heading\" data-id=\"5bfa47e\" data-element_type=\"widget\" data-settings=\"{&quot;ekit_we_effect_on&quot;:&quot;none&quot;}\" data-widget_type=\"heading.default\">\n\t\t\t\t<div class=\"elementor-widget-container\">\n\t\t\t<h2 class=\"elementor-heading-title elementor-size-default\">K\u00fcsitlus J\u00f5ulum\u00e4e etapi kohta<\/h2>\t\t<\/div>\n\t\t\t\t<\/div>\n\t\t\t\t<div class=\"elementor-element elementor-element-4bd8c08 elementor-widget elementor-widget-text-editor\" data-id=\"4bd8c08\" data-element_type=\"widget\" data-settings=\"{&quot;ekit_we_effect_on&quot;:&quot;none&quot;}\" data-widget_type=\"text-editor.default\">\n\t\t\t\t<div class=\"elementor-widget-container\">\n\t\t\t\t\t\t\t<p>P\u00f6\u00f6rdumine ESL MS liikmesklubide, suusaaktivistide poole<\/p><p><strong>Taust:<\/strong> <br \/>On 3. detsember ja Eestis pole lumest raasugi, r\u00e4\u00e4kimata v\u00f5imalusest suusatada. Kalendris on aga esimeseks v\u00f5istluseks juba 14.-15. detsembri Noorte MK etapp &#8211; Sprint Weekend. V\u00f5ib julgelt v\u00e4ita, et enamus noortesarja osalejaid pole sellel hooajal veel suuski alla saanud. J\u00f5ulum\u00e4el alustatakse \u00fcle suve hoitud lume laialivedu esmasp\u00e4eval, 9. detsembril, rada s\u00f5itmiseks peaks valmis olema hiljemalt neljap\u00e4evaks. <br \/>Eelpool kirjeldatuga seonduvalt oleks v\u00f5istluste korraldajatel k\u00f5vasti abi teiepoolsest sisendist, kas ja kuidas l\u00e4heneva v\u00f5istluse osas edasi toimida. Tooksime lauale 4 v\u00f5imalikku lahendust:<\/p><p><strong>Variant A.<\/strong> <br \/>L\u00e4heme edasi paikapandud kalenderplaaniga. J\u00f5ulum\u00e4el saab suusatamise v\u00f5imalus olema paar p\u00e4eva enne esimest starti. Vahetaksime \u00e4ra v\u00f5istlusp\u00e4evad, laup\u00e4eval sprinditeade kui mitte nii oluline etapp sarjas ja p\u00fchap\u00e4eval individuaalne sprint. M\u00f5lemad v\u00f5istlused vabatehnikas, et v\u00e4hese suusakilometraazi kiuste \u00fcks lisa peavalu m\u00e4\u00e4rimise n\u00e4ol v\u00e4hemaks v\u00f5tta.<\/p><p><strong>Variant B.<\/strong><br \/>14.-15. detsembril v\u00f5istlust ei korraldaks ja noorsuusatajad saaksid J\u00f5ulum\u00e4el suusakilomeetreid koguda. Individuaalse sprindi viiks l\u00e4bi n\u00e4dal hiljem, 22. detsembril, 21. detsembril toimub J\u00f5ulum\u00e4el nagunii EMV etapp vabatehnika distantsil. Sprinditeade l\u00fckkuks uude aastasse, t\u00f5en\u00e4oline toimumisaeg ja koht m\u00e4rtsis Tallinna Lauluv\u00e4ljakul.<\/p><p><strong>Variant C.<\/strong><br \/>Laup\u00e4evase sprindi asemel korraldame ilma v\u00f5istluseta suusap\u00e4eva, kus lapsed, kes ei ole veel suuski alla saanud saaksid pisutki oskusi lihvida ja suusaliugu meelde tuletada. P\u00fchap\u00e4evasel p\u00e4eval korraldaksime \u00e4ra sprinditeate, kuna see ei muuda v\u00e4ga suuresti Noorte MK individuaalarvestust ja annaks klubidele ning noortele lihtsalt hea v\u00f5imaluse v\u00f5istlusolukorras osavust proovile panna. <br \/>Selle variandi puhul nihutaksime individuaalse sprindi jaanuarikuusse (11.01 Otep\u00e4\u00e4) v\u00f5i m\u00e4rtsi (14.03 Tallinna Lauluv\u00e4ljak). \u00dchendaksime v\u00f5istluse siis olemasoleva kalendris\u00fcndmusega.<\/p><p><strong>Variant D.<\/strong><br \/>14.-15. detsembril ei toimu \u00fchtegi v\u00f5istlust J\u00f5ulum\u00e4el, leiame ind. sprindile ja v\u00f5imalusel ka teatesprindile uue koha kalendris. Klubid ja noored saavad kasutada J\u00f5ulum\u00e4ele maha pandud lund treenimiseks ja kilomeetrite kogumiseks. Sprint Weekendi v\u00f5istlustele leiame uued toimumiskohad ja ajad 2025 aasta talvekuudel.<\/p>\t\t\t\t\t\t<\/div>\n\t\t\t\t<\/div>\n\t\t<div class=\"elementor-element elementor-element-45e4337 e-con-full e-flex e-con e-child\" data-id=\"45e4337\" data-element_type=\"container\" data-settings=\"{&quot;ekit_has_onepagescroll_dot&quot;:&quot;yes&quot;}\">\n\t\t\t\t<div class=\"elementor-element elementor-element-ca85534 elementor-widget elementor-widget-heading\" data-id=\"ca85534\" data-element_type=\"widget\" data-settings=\"{&quot;ekit_we_effect_on&quot;:&quot;none&quot;}\" data-widget_type=\"heading.default\">\n\t\t\t\t<div class=\"elementor-widget-container\">\n\t\t\t<h2 class=\"elementor-heading-title elementor-size-default\">Avalda arvamust<\/h2>\t\t<\/div>\n\t\t\t\t<\/div>\n\t\t\t\t<div class=\"elementor-element elementor-element-37d405d elementor-button-align-center elementor-widget elementor-widget-form\" data-id=\"37d405d\" data-element_type=\"widget\" data-settings=\"{&quot;step_next_label&quot;:&quot;Next&quot;,&quot;step_previous_label&quot;:&quot;Previous&quot;,&quot;button_width&quot;:&quot;100&quot;,&quot;step_type&quot;:&quot;number_text&quot;,&quot;step_icon_shape&quot;:&quot;circle&quot;,&quot;ekit_we_effect_on&quot;:&quot;none&quot;}\" data-widget_type=\"form.default\">\n\t\t\t\t<div class=\"elementor-widget-container\">\n\t\t\t\t\t<form class=\"elementor-form\" method=\"post\" id=\"poll\" name=\"K\u00fcsitlus\" action=\"\">\n\t\t\t<input type=\"hidden\" name=\"post_id\" value=\"1993\"\/>\n\t\t\t<input type=\"hidden\" name=\"form_id\" value=\"37d405d\"\/>\n\t\t\t<input type=\"hidden\" name=\"referer_title\" value=\"\" \/>\n\n\t\t\t\n\t\t\t<div class=\"elementor-form-fields-wrapper elementor-labels-above\">\n\t\t\t\t\t\t\t\t<div class=\"elementor-field-type-text elementor-field-group elementor-column elementor-field-group-name elementor-col-100\">\n\t\t\t\t\t\t\t\t\t\t\t\t<label for=\"form-field-name\" class=\"elementor-field-label\">\n\t\t\t\t\t\t\t\tNimi\t\t\t\t\t\t\t<\/label>\n\t\t\t\t\t\t\t\t\t\t\t\t\t\t<input size=\"1\" type=\"text\" name=\"form_fields[name]\" id=\"form-field-name\" class=\"elementor-field elementor-size-sm  elementor-field-textual\">\n\t\t\t\t\t\t\t\t\t\t\t<\/div>\n\t\t\t\t\t\t\t\t<div class=\"elementor-field-type-text elementor-field-group elementor-column elementor-field-group-field_21f060a elementor-col-100\">\n\t\t\t\t\t\t\t\t\t\t\t\t<label for=\"form-field-field_21f060a\" class=\"elementor-field-label\">\n\t\t\t\t\t\t\t\tClub\t\t\t\t\t\t\t<\/label>\n\t\t\t\t\t\t\t\t\t\t\t\t\t\t<input size=\"1\" type=\"text\" name=\"form_fields[field_21f060a]\" id=\"form-field-field_21f060a\" class=\"elementor-field elementor-size-sm  elementor-field-textual\">\n\t\t\t\t\t\t\t\t\t\t\t<\/div>\n\t\t\t\t\t\t\t\t<div class=\"elementor-field-type-email elementor-field-group elementor-column elementor-field-group-email elementor-col-100 elementor-field-required\">\n\t\t\t\t\t\t\t\t\t\t\t\t<label for=\"form-field-email\" class=\"elementor-field-label\">\n\t\t\t\t\t\t\t\tE-mail\t\t\t\t\t\t\t<\/label>\n\t\t\t\t\t\t\t\t\t\t\t\t\t\t<input size=\"1\" type=\"email\" name=\"form_fields[email]\" id=\"form-field-email\" class=\"elementor-field elementor-size-sm  elementor-field-textual\" required=\"required\" aria-required=\"true\">\n\t\t\t\t\t\t\t\t\t\t\t<\/div>\n\t\t\t\t\t\t\t\t<div class=\"elementor-field-type-radio elementor-field-group elementor-column elementor-field-group-field_460528d elementor-col-100 elementor-field-required\">\n\t\t\t\t\t\t\t\t\t\t\t\t<label for=\"form-field-field_460528d\" class=\"elementor-field-label\">\n\t\t\t\t\t\t\t\tMinu isiklik (klubi) eelistus\t\t\t\t\t\t\t<\/label>\n\t\t\t\t\t\t<div class=\"elementor-field-subgroup\"><span class=\"elementor-field-option\"><input type=\"radio\" value=\"Variant A\" id=\"form-field-field_460528d-0\" name=\"form_fields[field_460528d]\" required=\"required\" aria-required=\"true\"> <label for=\"form-field-field_460528d-0\">Variant A<\/label><\/span><span class=\"elementor-field-option\"><input type=\"radio\" value=\"Variant B\" id=\"form-field-field_460528d-1\" name=\"form_fields[field_460528d]\" required=\"required\" aria-required=\"true\"> <label for=\"form-field-field_460528d-1\">Variant B<\/label><\/span><span class=\"elementor-field-option\"><input type=\"radio\" value=\"Variant C\" id=\"form-field-field_460528d-2\" name=\"form_fields[field_460528d]\" required=\"required\" aria-required=\"true\"> <label for=\"form-field-field_460528d-2\">Variant C<\/label><\/span><span class=\"elementor-field-option\"><input type=\"radio\" value=\"Variant D\" id=\"form-field-field_460528d-3\" name=\"form_fields[field_460528d]\" required=\"required\" aria-required=\"true\"> <label for=\"form-field-field_460528d-3\">Variant D<\/label><\/span><\/div>\t\t\t\t<\/div>\n\t\t\t\t\t\t\t\t<div class=\"elementor-field-type-textarea elementor-field-group elementor-column elementor-field-group-message elementor-col-100\">\n\t\t\t\t\t\t\t\t\t\t\t\t<label for=\"form-field-message\" class=\"elementor-field-label\">\n\t\t\t\t\t\t\t\tLisa soovi korral oma m\u00f5tteid, ettepanekud\t\t\t\t\t\t\t<\/label>\n\t\t\t\t\t\t<textarea class=\"elementor-field-textual elementor-field  elementor-size-sm\" name=\"form_fields[message]\" id=\"form-field-message\" rows=\"4\" placeholder=\"Message\"><\/textarea>\t\t\t\t<\/div>\n\t\t\t\t\t\t\t\t<div class=\"elementor-field-group elementor-column elementor-field-type-submit elementor-col-100 e-form__buttons\">\n\t\t\t\t\t<button class=\"elementor-button elementor-size-sm\" type=\"submit\">\n\t\t\t\t\t\t<span class=\"elementor-button-content-wrapper\">\n\t\t\t\t\t\t\t\t\t\t\t\t\t\t\t\t\t\t\t\t\t\t<span class=\"elementor-button-text\">Kinnita<\/span>\n\t\t\t\t\t\t\t\t\t\t\t\t\t<\/span>\n\t\t\t\t\t<\/button>\n\t\t\t\t<\/div>\n\t\t\t<\/div>\n\t\t<input type=\"hidden\" name=\"trp-form-language\" value=\"en\"\/><\/form>\n\t\t\t\t<\/div>\n\t\t\t\t<\/div>\n\t\t\t\t<\/div>\n\t\t\t\t\t<\/div>\n\t\t\t\t<\/div>\n\t\t\t\t<\/div>","protected":false},"excerpt":{"rendered":"<p>K\u00fcsitlus J\u00f5ulum\u00e4e etapi kohta P\u00f6\u00f6rdumine ESL MS liikmesklubide, suusaaktivistide poole Taust: On 3. detsember ja Eestis pole lumest raasugi, r\u00e4\u00e4kimata v\u00f5imalusest suusatada. Kalendris on aga esimeseks v\u00f5istluseks juba 14.-15. detsembri Noorte MK etapp &#8211; Sprint Weekend. V\u00f5ib julgelt v\u00e4ita, et enamus noortesarja osalejaid pole sellel hooajal veel suuski alla saanud. J\u00f5ulum\u00e4el alustatakse \u00fcle suve hoitud [&hellip;]<\/p>","protected":false},"author":1,"featured_media":0,"parent":0,"menu_order":0,"comment_status":"closed","ping_status":"closed","template":"","meta":{"_mi_skip_tracking":false,"site-sidebar-layout":"no-sidebar","site-content-layout":"","ast-site-content-layout":"full-width-container","site-content-style":"default","site-sidebar-style":"default","ast-global-header-display":"","ast-banner-title-visibility":"","ast-main-header-display":"","ast-hfb-above-header-display":"","ast-hfb-below-header-display":"","ast-hfb-mobile-header-display":"","site-post-title":"disabled","ast-breadcrumbs-content":"","ast-featured-img":"disabled","footer-sml-layout":"","theme-transparent-header-meta":"","adv-header-id-meta":"","stick-header-meta":"","header-above-stick-meta":"","header-main-stick-meta":"","header-below-stick-meta":"","astra-migrate-meta-layouts":"default","ast-page-background-enabled":"default","ast-page-background-meta":{"desktop":{"background-color":"var(--ast-global-color-4)","background-image":"","background-repeat":"repeat","background-position":"center center","background-size":"auto","background-attachment":"scroll","background-type":"","background-media":"","overlay-type":"","overlay-color":"","overlay-opacity":"","overlay-gradient":""},"tablet":{"background-color":"","background-image":"","background-repeat":"repeat","background-position":"center center","background-size":"auto","background-attachment":"scroll","background-type":"","background-media":"","overlay-type":"","overlay-color":"","overlay-opacity":"","overlay-gradient":""},"mobile":{"background-color":"","background-image":"","background-repeat":"repeat","background-position":"center center","background-size":"auto","background-attachment":"scroll","background-type":"","background-media":"","overlay-type":"","overlay-color":"","overlay-opacity":"","overlay-gradient":""}},"ast-content-background-meta":{"desktop":{"background-color":"var(--ast-global-color-5)","background-image":"","background-repeat":"repeat","background-position":"center center","background-size":"auto","background-attachment":"scroll","background-type":"","background-media":"","overlay-type":"","overlay-color":"","overlay-opacity":"","overlay-gradient":""},"tablet":{"background-color":"var(--ast-global-color-5)","background-image":"","background-repeat":"repeat","background-position":"center center","background-size":"auto","background-attachment":"scroll","background-type":"","background-media":"","overlay-type":"","overlay-color":"","overlay-opacity":"","overlay-gradient":""},"mobile":{"background-color":"var(--ast-global-color-5)","background-image":"","background-repeat":"repeat","background-position":"center center","background-size":"auto","background-attachment":"scroll","background-type":"","background-media":"","overlay-type":"","overlay-color":"","overlay-opacity":"","overlay-gradient":""}},"footnotes":""},"class_list":["post-1993","page","type-page","status-publish","hentry"],"_links":{"self":[{"href":"https:\/\/noortemk.eu\/en\/wp-json\/wp\/v2\/pages\/1993","targetHints":{"allow":["GET"]}}],"collection":[{"href":"https:\/\/noortemk.eu\/en\/wp-json\/wp\/v2\/pages"}],"about":[{"href":"https:\/\/noortemk.eu\/en\/wp-json\/wp\/v2\/types\/page"}],"author":[{"embeddable":true,"href":"https:\/\/noortemk.eu\/en\/wp-json\/wp\/v2\/users\/1"}],"replies":[{"embeddable":true,"href":"https:\/\/noortemk.eu\/en\/wp-json\/wp\/v2\/comments?post=1993"}],"version-history":[{"count":7,"href":"https:\/\/noortemk.eu\/en\/wp-json\/wp\/v2\/pages\/1993\/revisions"}],"predecessor-version":[{"id":2001,"href":"https:\/\/noortemk.eu\/en\/wp-json\/wp\/v2\/pages\/1993\/revisions\/2001"}],"wp:attachment":[{"href":"https:\/\/noortemk.eu\/en\/wp-json\/wp\/v2\/media?parent=1993"}],"curies":[{"name":"wp","href":"https:\/\/api.w.org\/{rel}","templated":true}]}}